{"id":11590,"date":"2021-03-25T12:12:39","date_gmt":"2021-03-25T12:12:39","guid":{"rendered":"http:\/\/localhost\/partin\/?page_id=11590"},"modified":"2025-08-08T13:41:07","modified_gmt":"2025-08-08T13:41:07","slug":"chi-siamo","status":"publish","type":"page","link":"https:\/\/www.asm-engineeringsrl.it\/index.php\/chi-siamo\/","title":{"rendered":"Chi siamo"},"content":{"rendered":"\t\t<div data-elementor-type=\"wp-page\" data-elementor-id=\"11590\" class=\"elementor elementor-11590\" data-elementor-settings=\"[]\">\n\t\t\t\t\t\t\t<div class=\"elementor-section-wrap\">\n\t\t\t\t\t\t\t<section class=\"elementor-section elementor-top-section elementor-element elementor-element-75208f2 elementor-section-boxed elementor-section-height-default elementor-section-height-default\" data-id=\"75208f2\" data-element_type=\"section\" data-settings=\"{&quot;background_background&quot;:&quot;classic&quot;}\">\n\t\t\t\t\t\t<div class=\"elementor-container elementor-column-gap-default\">\n\t\t\t\t\t<div class=\"elementor-column elementor-col-100 elementor-top-column elementor-element elementor-element-c0f071a\" data-id=\"c0f071a\" data-element_type=\"column\">\n\t\t\t<div class=\"elementor-widget-wrap\">\n\t\t\t\t\t\t\t\t\t<\/div>\n\t\t<\/div>\n\t\t\t\t\t\t\t<\/div>\n\t\t<\/section>\n\t\t\t\t<section class=\"elementor-section elementor-top-section elementor-element elementor-element-0cc4618 elementor-section-boxed elementor-section-height-default elementor-section-height-default\" data-id=\"0cc4618\" data-element_type=\"section\">\n\t\t\t\t\t\t<div class=\"elementor-container elementor-column-gap-default\">\n\t\t\t\t\t<div class=\"elementor-column elementor-col-100 elementor-top-column elementor-element elementor-element-51ee98c\" data-id=\"51ee98c\" data-element_type=\"column\">\n\t\t\t<div class=\"elementor-widget-wrap elementor-element-populated\">\n\t\t\t\t\t\t\t\t<div class=\"elementor-element elementor-element-b7d78fd elementor-invisible elementor-widget elementor-widget-witr_section_title\" data-id=\"b7d78fd\" data-element_type=\"widget\" data-settings=\"{&quot;_animation&quot;:&quot;fadeIn&quot;}\" data-widget_type=\"witr_section_title.default\">\n\t\t\t\t<div class=\"elementor-widget-container\">\n\t\t\t\t\t\t\t\t<!-- title left -->\n\t\t\t\t\t<div class=\"witr_section_title\">\n\t\t\t\t\t\t<div class=\"witr_section_title_inner text-left\">\n\t\t\t\t\t\t\n\t\t\t\t\t\t\t<!-- icon position -->\n\t\t\t\t\t\t\t\t\n\t\t\t\t\t\t\t<!-- end icon position -->\n\t\t\t\t\t\t\n\t\t\t\t\t\t\n\t\t\t\t\t\t\t<!-- title top -->\n\t\t\t\t\t\t\t\n\t\t\t\t\t\t\t<!-- icon position -->\n\t\t\t\t\t\t\t\t\n\t\t\t\t\t\t\t<!-- end icon position -->\n\n\t\t\t\t\t\t\t\n\t\t\t\t\t\t\t<!-- title middle -->\n\t\t\t\t\t\t\t\t\t\t\t\t\t\t\t<h3>Chi siamo<\/h3>\t\t\n\t\t\t\t\t\t\t\t\t\t\t\t\t\t<!-- title bottom -->\n\t\t\t\t\t\t\t\t\t\t\t\t\t\t\n\t\t\t\t\t\t\t<!-- icon position -->\n\t\t\t\t\t\t\t\t\t\t\t\t\t\t\n\t\t\t\t\t\t\t<!-- image -->\n\t\t\t\t\t\t\t\t\t\t\t\t\t\t<!-- icon -->\n\t\t\t\t\t\t\t\t\t\t\t\t\t\t\n\t\t\t\t\t\t\t<!-- bar -->\n\t\t\t\t\t\t\t\t\t\t\t\t\t\t<!-- circle bar -->\n\t\t\t\t\t\t\t\t\t\t\t\t\t\t\n\t\t\t\t\t\t\t\t\n\t\t\t\t\t\t\t<!-- end icon position -->\n\n\t\t\t\t\t\t\t<!-- content -->\n\t\t\t\t\t\t\t\t\t\t\t\t\t<\/div>\n\t\t\t\t\t\t\t<!-- inner title -->\n\t\t\t\t\t\t\t\t\t\t\t\t\t\n\t\t\t\t\t<\/div>\t\t\t\t\n\t\t\t\t\t\t<\/div>\n\t\t\t\t<\/div>\n\t\t\t\t\t<\/div>\n\t\t<\/div>\n\t\t\t\t\t\t\t<\/div>\n\t\t<\/section>\n\t\t\t\t<section class=\"elementor-section elementor-top-section elementor-element elementor-element-5f3baa0 elementor-section-boxed elementor-section-height-default elementor-section-height-default\" data-id=\"5f3baa0\" data-element_type=\"section\">\n\t\t\t\t\t\t<div class=\"elementor-container elementor-column-gap-default\">\n\t\t\t\t\t<div class=\"elementor-column elementor-col-100 elementor-top-column elementor-element elementor-element-0f5a80b\" data-id=\"0f5a80b\" data-element_type=\"column\">\n\t\t\t<div class=\"elementor-widget-wrap elementor-element-populated\">\n\t\t\t\t\t\t\t\t<div class=\"elementor-element elementor-element-e2e5216 elementor-widget elementor-widget-text-editor\" data-id=\"e2e5216\" data-element_type=\"widget\" data-widget_type=\"text-editor.default\">\n\t\t\t\t<div class=\"elementor-widget-container\">\n\t\t\t<style>\/*! elementor - v3.5.6 - 28-02-2022 *\/\n.elementor-widget-text-editor.elementor-drop-cap-view-stacked .elementor-drop-cap{background-color:#818a91;color:#fff}.elementor-widget-text-editor.elementor-drop-cap-view-framed .elementor-drop-cap{color:#818a91;border:3px solid;background-color:transparent}.elementor-widget-text-editor:not(.elementor-drop-cap-view-default) .elementor-drop-cap{margin-top:8px}.elementor-widget-text-editor:not(.elementor-drop-cap-view-default) .elementor-drop-cap-letter{width:1em;height:1em}.elementor-widget-text-editor .elementor-drop-cap{float:left;text-align:center;line-height:1;font-size:50px}.elementor-widget-text-editor .elementor-drop-cap-letter{display:inline-block}<\/style>\t\t\t\t<p><strong>ASM Engineering S.r.l.<\/strong> (Advanced Solutions for Management &amp; Engineering) con sede a <strong>Napoli<\/strong>, \u00e8 una <strong>societ\u00e0 di ingegneria<\/strong> operante nel ramo civile. Nasce nel maggio 2020 come Societ\u00e0 a Responsabilit\u00e0 limitata per la <strong>progettazione <\/strong>e<strong> la realizzazione di opere<\/strong> nel campo dell\u2019architettura, dell\u2019ingegneria civile e industriale.\u00a0<\/p><p>Svolge attivit\u00e0 di consulenza e progettazione nell\u2019ambito dell\u2019ingegneria civile e infrastrutturale, project Management, direzione lavori e coordinamento della sicurezza, avvalendosi di un <strong>gruppo di tecnici con solida esperienza e professionalit\u00e0<\/strong> in diversi campi e discipline.<\/p><p>Nel corso del 2020 sono stati progettati numerosi interventi di <strong>miglioramento sismico ed efficientamento energetico<\/strong> ed \u00e8 stata effettuata la progettazione e la direzione dei lavori per interventi di <strong>consolidamento<\/strong> e <strong>ristrutturazione<\/strong> di <strong>edilizia<\/strong> <strong>pubblica<\/strong> e <strong>privata<\/strong> <strong>residenziale<\/strong> e <strong>commerciale<\/strong>.<\/p><p>Il 2021 ha visto l\u2019apertura di oltre 40 cantieri localizzati sull\u2019<strong>intero territorio italiano<\/strong> e un importante <strong>ampliamento dell\u2019organico<\/strong> finalizzato alla<strong> crescita costante e continuativa<\/strong> dell\u2019azienda.\u00a0<\/p><p><strong>ASM Engineering<\/strong>, grazie alle <strong>numerose partnership<\/strong> attivate nel corso della sua attivit\u00e0, \u00e8 assegnataria di un <strong>cospicuo portafoglio ordini<\/strong> in corso per oltre 10 milioni.\u00a0<\/p><p>La societ\u00e0, avvalendosi di un gruppo di <strong>tecnici altamente qualificati<\/strong> (ingegneri strutturisti, meccanici, energetici, architetti, economisti e designer), \u00e8 in grado di offrire <strong>soluzioni innovative<\/strong>, <strong>complete<\/strong> e <strong>adatte a tutte le esigenze<\/strong> nei seguenti ambiti di pertinenza:<\/p>\t\t\t\t\t\t<\/div>\n\t\t\t\t<\/div>\n\t\t\t\t\t<\/div>\n\t\t<\/div>\n\t\t\t\t\t\t\t<\/div>\n\t\t<\/section>\n\t\t\t\t<section class=\"elementor-section elementor-top-section elementor-element elementor-element-04e4f77 elementor-section-boxed elementor-section-height-default elementor-section-height-default\" data-id=\"04e4f77\" data-element_type=\"section\">\n\t\t\t\t\t\t<div class=\"elementor-container elementor-column-gap-default\">\n\t\t\t\t\t<div class=\"elementor-column elementor-col-33 elementor-top-column elementor-element elementor-element-06057f9\" data-id=\"06057f9\" data-element_type=\"column\">\n\t\t\t<div class=\"elementor-widget-wrap elementor-element-populated\">\n\t\t\t\t\t\t\t\t<div class=\"elementor-element elementor-element-077d520 elementor-invisible elementor-widget elementor-widget-image\" data-id=\"077d520\" data-element_type=\"widget\" data-settings=\"{&quot;_animation&quot;:&quot;fadeIn&quot;}\" data-widget_type=\"image.default\">\n\t\t\t\t<div class=\"elementor-widget-container\">\n\t\t\t<style>\/*! elementor - v3.5.6 - 28-02-2022 *\/\n.elementor-widget-image{text-align:center}.elementor-widget-image a{display:inline-block}.elementor-widget-image a img[src$=\".svg\"]{width:48px}.elementor-widget-image img{vertical-align:middle;display:inline-block}<\/style>\t\t\t\t\t\t\t\t\t\t\t\t<img loading=\"lazy\" decoding=\"async\" width=\"400\" height=\"500\" src=\"https:\/\/www.asm-engineeringsrl.it\/wp-content\/uploads\/2022\/03\/1-2.png\" class=\"attachment-large size-large\" alt=\"\" srcset=\"https:\/\/www.asm-engineeringsrl.it\/wp-content\/uploads\/2022\/03\/1-2.png 400w, https:\/\/www.asm-engineeringsrl.it\/wp-content\/uploads\/2022\/03\/1-2-240x300.png 240w\" sizes=\"auto, (max-width: 400px) 100vw, 400px\" \/>\t\t\t\t\t\t\t\t\t\t\t\t\t\t\t<\/div>\n\t\t\t\t<\/div>\n\t\t\t\t<div class=\"elementor-element elementor-element-61ae38c elementor-widget elementor-widget-heading\" data-id=\"61ae38c\" data-element_type=\"widget\" data-widget_type=\"heading.default\">\n\t\t\t\t<div class=\"elementor-widget-container\">\n\t\t\t<style>\/*! elementor - v3.5.6 - 28-02-2022 *\/\n.elementor-heading-title{padding:0;margin:0;line-height:1}.elementor-widget-heading .elementor-heading-title[class*=elementor-size-]>a{color:inherit;font-size:inherit;line-height:inherit}.elementor-widget-heading .elementor-heading-title.elementor-size-small{font-size:15px}.elementor-widget-heading .elementor-heading-title.elementor-size-medium{font-size:19px}.elementor-widget-heading .elementor-heading-title.elementor-size-large{font-size:29px}.elementor-widget-heading .elementor-heading-title.elementor-size-xl{font-size:39px}.elementor-widget-heading .elementor-heading-title.elementor-size-xxl{font-size:59px}<\/style><h2 class=\"elementor-heading-title elementor-size-default\">Edilizia industriale <\/h2>\t\t<\/div>\n\t\t\t\t<\/div>\n\t\t\t\t\t<\/div>\n\t\t<\/div>\n\t\t\t\t<div class=\"elementor-column elementor-col-33 elementor-top-column elementor-element elementor-element-6541be0\" data-id=\"6541be0\" data-element_type=\"column\">\n\t\t\t<div class=\"elementor-widget-wrap elementor-element-populated\">\n\t\t\t\t\t\t\t\t<div class=\"elementor-element elementor-element-9b1aeb3 elementor-invisible elementor-widget elementor-widget-image\" data-id=\"9b1aeb3\" data-element_type=\"widget\" data-settings=\"{&quot;_animation&quot;:&quot;fadeIn&quot;}\" data-widget_type=\"image.default\">\n\t\t\t\t<div class=\"elementor-widget-container\">\n\t\t\t\t\t\t\t\t\t\t\t\t\t\t\t<img loading=\"lazy\" decoding=\"async\" width=\"400\" height=\"500\" src=\"https:\/\/www.asm-engineeringsrl.it\/wp-content\/uploads\/2022\/03\/2-1.png\" class=\"attachment-large size-large\" alt=\"\" srcset=\"https:\/\/www.asm-engineeringsrl.it\/wp-content\/uploads\/2022\/03\/2-1.png 400w, https:\/\/www.asm-engineeringsrl.it\/wp-content\/uploads\/2022\/03\/2-1-240x300.png 240w\" sizes=\"auto, (max-width: 400px) 100vw, 400px\" \/>\t\t\t\t\t\t\t\t\t\t\t\t\t\t\t<\/div>\n\t\t\t\t<\/div>\n\t\t\t\t<div class=\"elementor-element elementor-element-323eb39 elementor-widget elementor-widget-heading\" data-id=\"323eb39\" data-element_type=\"widget\" data-widget_type=\"heading.default\">\n\t\t\t\t<div class=\"elementor-widget-container\">\n\t\t\t<h2 class=\"elementor-heading-title elementor-size-default\">Edilizia ospedaliera <\/h2>\t\t<\/div>\n\t\t\t\t<\/div>\n\t\t\t\t\t<\/div>\n\t\t<\/div>\n\t\t\t\t<div class=\"elementor-column elementor-col-33 elementor-top-column elementor-element elementor-element-a724621\" data-id=\"a724621\" data-element_type=\"column\">\n\t\t\t<div class=\"elementor-widget-wrap elementor-element-populated\">\n\t\t\t\t\t\t\t\t<div class=\"elementor-element elementor-element-ea6e68f elementor-invisible elementor-widget elementor-widget-image\" data-id=\"ea6e68f\" data-element_type=\"widget\" data-settings=\"{&quot;_animation&quot;:&quot;fadeIn&quot;}\" data-widget_type=\"image.default\">\n\t\t\t\t<div class=\"elementor-widget-container\">\n\t\t\t\t\t\t\t\t\t\t\t\t\t\t\t<img loading=\"lazy\" decoding=\"async\" width=\"400\" height=\"500\" src=\"https:\/\/www.asm-engineeringsrl.it\/wp-content\/uploads\/2022\/03\/3.png\" class=\"attachment-large size-large\" alt=\"\" srcset=\"https:\/\/www.asm-engineeringsrl.it\/wp-content\/uploads\/2022\/03\/3.png 400w, https:\/\/www.asm-engineeringsrl.it\/wp-content\/uploads\/2022\/03\/3-240x300.png 240w\" sizes=\"auto, (max-width: 400px) 100vw, 400px\" \/>\t\t\t\t\t\t\t\t\t\t\t\t\t\t\t<\/div>\n\t\t\t\t<\/div>\n\t\t\t\t<div class=\"elementor-element elementor-element-ad0223c elementor-widget elementor-widget-heading\" data-id=\"ad0223c\" data-element_type=\"widget\" data-widget_type=\"heading.default\">\n\t\t\t\t<div class=\"elementor-widget-container\">\n\t\t\t<h2 class=\"elementor-heading-title elementor-size-default\">Edilizia residenziale <\/h2>\t\t<\/div>\n\t\t\t\t<\/div>\n\t\t\t\t\t<\/div>\n\t\t<\/div>\n\t\t\t\t\t\t\t<\/div>\n\t\t<\/section>\n\t\t\t\t<section class=\"elementor-section elementor-top-section elementor-element elementor-element-4dd0e9e elementor-section-boxed elementor-section-height-default elementor-section-height-default\" data-id=\"4dd0e9e\" data-element_type=\"section\">\n\t\t\t\t\t\t<div class=\"elementor-container elementor-column-gap-default\">\n\t\t\t\t\t<div class=\"elementor-column elementor-col-33 elementor-top-column elementor-element elementor-element-4aa8a38\" data-id=\"4aa8a38\" data-element_type=\"column\">\n\t\t\t<div class=\"elementor-widget-wrap elementor-element-populated\">\n\t\t\t\t\t\t\t\t<div class=\"elementor-element elementor-element-50b92ea elementor-invisible elementor-widget elementor-widget-image\" data-id=\"50b92ea\" data-element_type=\"widget\" data-settings=\"{&quot;_animation&quot;:&quot;fadeIn&quot;}\" data-widget_type=\"image.default\">\n\t\t\t\t<div class=\"elementor-widget-container\">\n\t\t\t\t\t\t\t\t\t\t\t\t\t\t\t<img loading=\"lazy\" decoding=\"async\" width=\"400\" height=\"500\" src=\"https:\/\/www.asm-engineeringsrl.it\/wp-content\/uploads\/2022\/03\/4.png\" class=\"attachment-large size-large\" alt=\"\" srcset=\"https:\/\/www.asm-engineeringsrl.it\/wp-content\/uploads\/2022\/03\/4.png 400w, https:\/\/www.asm-engineeringsrl.it\/wp-content\/uploads\/2022\/03\/4-240x300.png 240w\" sizes=\"auto, (max-width: 400px) 100vw, 400px\" \/>\t\t\t\t\t\t\t\t\t\t\t\t\t\t\t<\/div>\n\t\t\t\t<\/div>\n\t\t\t\t<div class=\"elementor-element elementor-element-74b02cd elementor-widget elementor-widget-heading\" data-id=\"74b02cd\" data-element_type=\"widget\" data-widget_type=\"heading.default\">\n\t\t\t\t<div class=\"elementor-widget-container\">\n\t\t\t<h2 class=\"elementor-heading-title elementor-size-default\">Edilizia scolastica <\/h2>\t\t<\/div>\n\t\t\t\t<\/div>\n\t\t\t\t\t<\/div>\n\t\t<\/div>\n\t\t\t\t<div class=\"elementor-column elementor-col-33 elementor-top-column elementor-element elementor-element-74c044a\" data-id=\"74c044a\" data-element_type=\"column\">\n\t\t\t<div class=\"elementor-widget-wrap elementor-element-populated\">\n\t\t\t\t\t\t\t\t<div class=\"elementor-element elementor-element-4e8e0e9 elementor-invisible elementor-widget elementor-widget-image\" data-id=\"4e8e0e9\" data-element_type=\"widget\" data-settings=\"{&quot;_animation&quot;:&quot;fadeIn&quot;}\" data-widget_type=\"image.default\">\n\t\t\t\t<div class=\"elementor-widget-container\">\n\t\t\t\t\t\t\t\t\t\t\t\t\t\t\t<img loading=\"lazy\" decoding=\"async\" width=\"400\" height=\"500\" src=\"https:\/\/www.asm-engineeringsrl.it\/wp-content\/uploads\/2022\/03\/5.png\" class=\"attachment-large size-large\" alt=\"\" srcset=\"https:\/\/www.asm-engineeringsrl.it\/wp-content\/uploads\/2022\/03\/5.png 400w, https:\/\/www.asm-engineeringsrl.it\/wp-content\/uploads\/2022\/03\/5-240x300.png 240w\" sizes=\"auto, (max-width: 400px) 100vw, 400px\" \/>\t\t\t\t\t\t\t\t\t\t\t\t\t\t\t<\/div>\n\t\t\t\t<\/div>\n\t\t\t\t<div class=\"elementor-element elementor-element-4c41e6e elementor-widget elementor-widget-heading\" data-id=\"4c41e6e\" data-element_type=\"widget\" data-widget_type=\"heading.default\">\n\t\t\t\t<div class=\"elementor-widget-container\">\n\t\t\t<h2 class=\"elementor-heading-title elementor-size-default\"> Impiantistica <\/h2>\t\t<\/div>\n\t\t\t\t<\/div>\n\t\t\t\t\t<\/div>\n\t\t<\/div>\n\t\t\t\t<div class=\"elementor-column elementor-col-33 elementor-top-column elementor-element elementor-element-de0f03b\" data-id=\"de0f03b\" data-element_type=\"column\">\n\t\t\t<div class=\"elementor-widget-wrap elementor-element-populated\">\n\t\t\t\t\t\t\t\t<div class=\"elementor-element elementor-element-8e26463 elementor-invisible elementor-widget elementor-widget-image\" data-id=\"8e26463\" data-element_type=\"widget\" data-settings=\"{&quot;_animation&quot;:&quot;fadeIn&quot;}\" data-widget_type=\"image.default\">\n\t\t\t\t<div class=\"elementor-widget-container\">\n\t\t\t\t\t\t\t\t\t\t\t\t\t\t\t<img loading=\"lazy\" decoding=\"async\" width=\"400\" height=\"500\" src=\"https:\/\/www.asm-engineeringsrl.it\/wp-content\/uploads\/2022\/03\/6-1.png\" class=\"attachment-large size-large\" alt=\"\" srcset=\"https:\/\/www.asm-engineeringsrl.it\/wp-content\/uploads\/2022\/03\/6-1.png 400w, https:\/\/www.asm-engineeringsrl.it\/wp-content\/uploads\/2022\/03\/6-1-240x300.png 240w\" sizes=\"auto, (max-width: 400px) 100vw, 400px\" \/>\t\t\t\t\t\t\t\t\t\t\t\t\t\t\t<\/div>\n\t\t\t\t<\/div>\n\t\t\t\t<div class=\"elementor-element elementor-element-45f4882 elementor-widget elementor-widget-heading\" data-id=\"45f4882\" data-element_type=\"widget\" data-widget_type=\"heading.default\">\n\t\t\t\t<div class=\"elementor-widget-container\">\n\t\t\t<h2 class=\"elementor-heading-title elementor-size-default\">Infrastrutture <\/h2>\t\t<\/div>\n\t\t\t\t<\/div>\n\t\t\t\t\t<\/div>\n\t\t<\/div>\n\t\t\t\t\t\t\t<\/div>\n\t\t<\/section>\n\t\t\t\t<section class=\"elementor-section elementor-top-section elementor-element elementor-element-63c6b88 elementor-section-boxed elementor-section-height-default elementor-section-height-default\" data-id=\"63c6b88\" data-element_type=\"section\">\n\t\t\t\t\t\t<div class=\"elementor-container elementor-column-gap-default\">\n\t\t\t\t\t<div class=\"elementor-column elementor-col-33 elementor-top-column elementor-element elementor-element-33387ca\" data-id=\"33387ca\" data-element_type=\"column\">\n\t\t\t<div class=\"elementor-widget-wrap elementor-element-populated\">\n\t\t\t\t\t\t\t\t<div class=\"elementor-element elementor-element-8d0607b elementor-invisible elementor-widget elementor-widget-image\" data-id=\"8d0607b\" data-element_type=\"widget\" data-settings=\"{&quot;_animation&quot;:&quot;fadeIn&quot;}\" data-widget_type=\"image.default\">\n\t\t\t\t<div class=\"elementor-widget-container\">\n\t\t\t\t\t\t\t\t\t\t\t\t\t\t\t<img loading=\"lazy\" decoding=\"async\" width=\"400\" height=\"500\" src=\"https:\/\/www.asm-engineeringsrl.it\/wp-content\/uploads\/2022\/03\/7.png\" class=\"attachment-large size-large\" alt=\"\" srcset=\"https:\/\/www.asm-engineeringsrl.it\/wp-content\/uploads\/2022\/03\/7.png 400w, https:\/\/www.asm-engineeringsrl.it\/wp-content\/uploads\/2022\/03\/7-240x300.png 240w\" sizes=\"auto, (max-width: 400px) 100vw, 400px\" \/>\t\t\t\t\t\t\t\t\t\t\t\t\t\t\t<\/div>\n\t\t\t\t<\/div>\n\t\t\t\t<div class=\"elementor-element elementor-element-43647ff elementor-widget elementor-widget-heading\" data-id=\"43647ff\" data-element_type=\"widget\" data-widget_type=\"heading.default\">\n\t\t\t\t<div class=\"elementor-widget-container\">\n\t\t\t<h2 class=\"elementor-heading-title elementor-size-default\">Restauro <\/h2>\t\t<\/div>\n\t\t\t\t<\/div>\n\t\t\t\t\t<\/div>\n\t\t<\/div>\n\t\t\t\t<div class=\"elementor-column elementor-col-33 elementor-top-column elementor-element elementor-element-8dbff88\" data-id=\"8dbff88\" data-element_type=\"column\">\n\t\t\t<div class=\"elementor-widget-wrap elementor-element-populated\">\n\t\t\t\t\t\t\t\t<div class=\"elementor-element elementor-element-33a22ff elementor-invisible elementor-widget elementor-widget-image\" data-id=\"33a22ff\" data-element_type=\"widget\" data-settings=\"{&quot;_animation&quot;:&quot;fadeIn&quot;}\" data-widget_type=\"image.default\">\n\t\t\t\t<div class=\"elementor-widget-container\">\n\t\t\t\t\t\t\t\t\t\t\t\t\t\t\t<img loading=\"lazy\" decoding=\"async\" width=\"400\" height=\"500\" src=\"https:\/\/www.asm-engineeringsrl.it\/wp-content\/uploads\/2022\/03\/8.png\" class=\"attachment-large size-large\" alt=\"\" srcset=\"https:\/\/www.asm-engineeringsrl.it\/wp-content\/uploads\/2022\/03\/8.png 400w, https:\/\/www.asm-engineeringsrl.it\/wp-content\/uploads\/2022\/03\/8-240x300.png 240w\" sizes=\"auto, (max-width: 400px) 100vw, 400px\" \/>\t\t\t\t\t\t\t\t\t\t\t\t\t\t\t<\/div>\n\t\t\t\t<\/div>\n\t\t\t\t<div class=\"elementor-element elementor-element-85b9fa7 elementor-widget elementor-widget-heading\" data-id=\"85b9fa7\" data-element_type=\"widget\" data-widget_type=\"heading.default\">\n\t\t\t\t<div class=\"elementor-widget-container\">\n\t\t\t<h2 class=\"elementor-heading-title elementor-size-default\">Riqualificazione Urbana <\/h2>\t\t<\/div>\n\t\t\t\t<\/div>\n\t\t\t\t\t<\/div>\n\t\t<\/div>\n\t\t\t\t<div class=\"elementor-column elementor-col-33 elementor-top-column elementor-element elementor-element-830b246\" data-id=\"830b246\" data-element_type=\"column\">\n\t\t\t<div class=\"elementor-widget-wrap elementor-element-populated\">\n\t\t\t\t\t\t\t\t<div class=\"elementor-element elementor-element-0b44f81 elementor-invisible elementor-widget elementor-widget-image\" data-id=\"0b44f81\" data-element_type=\"widget\" data-settings=\"{&quot;_animation&quot;:&quot;fadeIn&quot;}\" data-widget_type=\"image.default\">\n\t\t\t\t<div class=\"elementor-widget-container\">\n\t\t\t\t\t\t\t\t\t\t\t\t\t\t\t<img loading=\"lazy\" decoding=\"async\" width=\"400\" height=\"500\" src=\"https:\/\/www.asm-engineeringsrl.it\/wp-content\/uploads\/2022\/03\/9.png\" class=\"attachment-large size-large\" alt=\"\" srcset=\"https:\/\/www.asm-engineeringsrl.it\/wp-content\/uploads\/2022\/03\/9.png 400w, https:\/\/www.asm-engineeringsrl.it\/wp-content\/uploads\/2022\/03\/9-240x300.png 240w\" sizes=\"auto, (max-width: 400px) 100vw, 400px\" \/>\t\t\t\t\t\t\t\t\t\t\t\t\t\t\t<\/div>\n\t\t\t\t<\/div>\n\t\t\t\t<div class=\"elementor-element elementor-element-63955dd elementor-widget elementor-widget-heading\" data-id=\"63955dd\" data-element_type=\"widget\" data-widget_type=\"heading.default\">\n\t\t\t\t<div class=\"elementor-widget-container\">\n\t\t\t<h2 class=\"elementor-heading-title elementor-size-default\">Strutture commerciali <\/h2>\t\t<\/div>\n\t\t\t\t<\/div>\n\t\t\t\t\t<\/div>\n\t\t<\/div>\n\t\t\t\t\t\t\t<\/div>\n\t\t<\/section>\n\t\t\t\t<section class=\"elementor-section elementor-top-section elementor-element elementor-element-e6d1236 elementor-section-boxed elementor-section-height-default elementor-section-height-default\" data-id=\"e6d1236\" data-element_type=\"section\">\n\t\t\t\t\t\t<div class=\"elementor-container elementor-column-gap-default\">\n\t\t\t\t\t<div class=\"elementor-column elementor-col-100 elementor-top-column elementor-element elementor-element-fc3843a\" data-id=\"fc3843a\" data-element_type=\"column\">\n\t\t\t<div class=\"elementor-widget-wrap elementor-element-populated\">\n\t\t\t\t\t\t\t\t<div class=\"elementor-element elementor-element-245ae8b elementor-widget elementor-widget-spacer\" data-id=\"245ae8b\" data-element_type=\"widget\" data-widget_type=\"spacer.default\">\n\t\t\t\t<div class=\"elementor-widget-container\">\n\t\t\t\t\t<div class=\"elementor-spacer\">\n\t\t\t<div class=\"elementor-spacer-inner\"><\/div>\n\t\t<\/div>\n\t\t\t\t<\/div>\n\t\t\t\t<\/div>\n\t\t\t\t\t<\/div>\n\t\t<\/div>\n\t\t\t\t\t\t\t<\/div>\n\t\t<\/section>\n\t\t\t\t\t\t<\/div>\n\t\t\t\t\t<\/div>\n\t\t","protected":false},"excerpt":{"rendered":"<p>Chi siamo ASM Engineering S.r.l. (Advanced Solutions for Management &amp; Engineering) con sede a Napoli, \u00e8 una societ\u00e0 di ingegneria operante nel ramo civile. Nasce nel maggio 2020 come Societ\u00e0 a Responsabilit\u00e0 limitata per la progettazione e la realizzazione di opere nel campo dell\u2019architettura, dell\u2019ingegneria civile e industriale.\u00a0 Svolge attivit\u00e0 di consulenza e progettazione nell\u2019ambito [&hellip;]<\/p>\n","protected":false},"author":1,"featured_media":0,"parent":0,"menu_order":0,"comment_status":"closed","ping_status":"closed","template":"template-home.php","meta":{"footnotes":""},"class_list":["post-11590","page","type-page","status-publish","hentry"],"_links":{"self":[{"href":"https:\/\/www.asm-engineeringsrl.it\/index.php\/wp-json\/wp\/v2\/pages\/11590","targetHints":{"allow":["GET"]}}],"collection":[{"href":"https:\/\/www.asm-engineeringsrl.it\/index.php\/wp-json\/wp\/v2\/pages"}],"about":[{"href":"https:\/\/www.asm-engineeringsrl.it\/index.php\/wp-json\/wp\/v2\/types\/page"}],"author":[{"embeddable":true,"href":"https:\/\/www.asm-engineeringsrl.it\/index.php\/wp-json\/wp\/v2\/users\/1"}],"replies":[{"embeddable":true,"href":"https:\/\/www.asm-engineeringsrl.it\/index.php\/wp-json\/wp\/v2\/comments?post=11590"}],"version-history":[{"count":44,"href":"https:\/\/www.asm-engineeringsrl.it\/index.php\/wp-json\/wp\/v2\/pages\/11590\/revisions"}],"predecessor-version":[{"id":14262,"href":"https:\/\/www.asm-engineeringsrl.it\/index.php\/wp-json\/wp\/v2\/pages\/11590\/revisions\/14262"}],"wp:attachment":[{"href":"https:\/\/www.asm-engineeringsrl.it\/index.php\/wp-json\/wp\/v2\/media?parent=11590"}],"curies":[{"name":"wp","href":"https:\/\/api.w.org\/{rel}","templated":true}]}}